{"id":5,"date":"2012-03-15T19:44:06","date_gmt":"2012-03-15T19:44:06","guid":{"rendered":"http:\/\/nyawebben.kullasund.se\/?page_id=5"},"modified":"2022-12-12T12:24:53","modified_gmt":"2022-12-12T12:24:53","slug":"hem","status":"publish","type":"page","link":"https:\/\/www.kullasund.se\/index.php\/","title":{"rendered":"Hem"},"content":{"rendered":"\n<figure class=\"wp-block-image size-large\"><img loading=\"lazy\" decoding=\"async\" width=\"1000\" height=\"750\" src=\"https:\/\/www.kullasund.se\/wp-content\/uploads\/2022\/12\/H1.jpg\" alt=\"\" class=\"wp-image-1117\" srcset=\"https:\/\/www.kullasund.se\/wp-content\/uploads\/2022\/12\/H1.jpg 1000w, https:\/\/www.kullasund.se\/wp-content\/uploads\/2022\/12\/H1-300x225.jpg 300w, https:\/\/www.kullasund.se\/wp-content\/uploads\/2022\/12\/H1-768x576.jpg 768w\" sizes=\"auto, (max-width: 1000px) 100vw, 1000px\" \/><\/figure>\n\n\n\n<h3 class=\"wp-block-heading\">V\u00e4lkommen till Brf Kullasund<\/h3>\n\n\n\n<p>Vaxholm, ofta ben\u00e4mnd som \u201dhuvudstad i Stockholms sk\u00e4rg\u00e5rd\u201d \u00e4r en kulturell&nbsp;sk\u00e4rg\u00e5rdsstad, en sm\u00e5stadsidyll och en av de mest attraktiva kommunerna i Stockholms n\u00e4rhet. F\u00f6reningen best\u00e5r av ett antal parhus, i olika storlek, samt tv\u00e5 flerfamiljshus.&nbsp;Totalt finns det 65 l\u00e4genheter i f\u00f6reningen.&nbsp;F\u00f6reningen \u00e4r v\u00e4lsk\u00f6tt s\u00e5v\u00e4l vad det g\u00e4ller underh\u00e5ll och yttre milj\u00f6 som ekonomi.&nbsp; <\/p>\n\n\n\n<p><\/p>\n\n\n\n<p><\/p>\n","protected":false},"excerpt":{"rendered":"<p>V\u00e4lkommen till Brf Kullasund Vaxholm, ofta ben\u00e4mnd som \u201dhuvudstad i Stockholms sk\u00e4rg\u00e5rd\u201d \u00e4r en kulturell&nbsp;sk\u00e4rg\u00e5rdsstad, en sm\u00e5stadsidyll och en av de mest attraktiva kommunerna i Stockholms n\u00e4rhet. F\u00f6reningen best\u00e5r av ett antal parhus, i olika storlek, samt tv\u00e5 flerfamiljshus.&nbsp;Totalt finns<\/p>\n","protected":false},"author":2,"featured_media":0,"parent":0,"menu_order":0,"comment_status":"closed","ping_status":"open","template":"","meta":{"footnotes":""},"class_list":["post-5","page","type-page","status-publish","hentry"],"_links":{"self":[{"href":"https:\/\/www.kullasund.se\/index.php\/wp-json\/wp\/v2\/pages\/5","targetHints":{"allow":["GET"]}}],"collection":[{"href":"https:\/\/www.kullasund.se\/index.php\/wp-json\/wp\/v2\/pages"}],"about":[{"href":"https:\/\/www.kullasund.se\/index.php\/wp-json\/wp\/v2\/types\/page"}],"author":[{"embeddable":true,"href":"https:\/\/www.kullasund.se\/index.php\/wp-json\/wp\/v2\/users\/2"}],"replies":[{"embeddable":true,"href":"https:\/\/www.kullasund.se\/index.php\/wp-json\/wp\/v2\/comments?post=5"}],"version-history":[{"count":11,"href":"https:\/\/www.kullasund.se\/index.php\/wp-json\/wp\/v2\/pages\/5\/revisions"}],"predecessor-version":[{"id":1119,"href":"https:\/\/www.kullasund.se\/index.php\/wp-json\/wp\/v2\/pages\/5\/revisions\/1119"}],"wp:attachment":[{"href":"https:\/\/www.kullasund.se\/index.php\/wp-json\/wp\/v2\/media?parent=5"}],"curies":[{"name":"wp","href":"https:\/\/api.w.org\/{rel}","templated":true}]}}