{"id":27,"date":"2012-03-15T19:50:22","date_gmt":"2012-03-15T19:50:22","guid":{"rendered":"http:\/\/nyawebben.kullasund.se\/?page_id=27"},"modified":"2026-04-02T12:07:35","modified_gmt":"2026-04-02T12:07:35","slug":"kontakt","status":"publish","type":"page","link":"https:\/\/www.kullasund.se\/index.php\/kontakt\/","title":{"rendered":"Kontakt"},"content":{"rendered":"<h4><strong>Kontaktuppgifter till styrelsen:<\/strong><\/h4>\n<p>Epost: <a href=\"mailto:brfkullasund@outlook.com\">brfkullasund@outlook.com\u00a0<\/a><\/p>\n<p>Brf Kullasund i Vaxholm<br \/>\nKullasundsv\u00e4gen 39<br \/>\n185 37\u00a0 \u00a0\u00a0Vaxholm<\/p>\n<h4><strong>Vill du g\u00f6ra en felanm\u00e4lan:<\/strong><\/h4>\n<p>Felanm\u00e4lan\u00a0kontakta SVEFAB:<br \/>\nTel: 020-544 022\u00a0 eller via mail <a target=\"_self\" rel=\"noopener noreferrer\">info@svefab.com<\/a><\/p>\n<p>Felanm\u00e4lan kan \u00e4ven g\u00f6ras via webbformul\u00e4ret p\u00e5 f\u00f6ljande l\u00e4nk https:\/\/www.svefab.com\/kontakta-oss\/felanmalan\/<\/p>\n<h4><strong>Vid fakturering av Kullasunds Brf:<\/strong><\/h4>\n<p class=\"x_MsoNormal\" data-olk-copy-source=\"MessageBody\">Postal fakturaadress (OBS HEM nummer m\u00e5ste vara med)<\/p>\n<p class=\"x_MsoNormal\">Brf Kullasund i Vaxholm<\/p>\n<p class=\"x_MsoNormal\">HEM7367164204099<\/p>\n<p class=\"x_MsoNormal\">Box 171<\/p>\n<p class=\"x_MsoNormal\">83122 \u00d6stersund<\/p>\n<p class=\"x_MsoNormal\">E-post fakturaadress:brf.kullasund.i.vaxholm@invoice.realnode.se<\/p>\n<p class=\"x_MsoNormal\">Uppgifter om e-faktura:<\/p>\n<p class=\"x_MsoNormal\">VAN-operat\u00f6r e-faktura: Crediflow<\/p>\n<p class=\"x_MsoNormal\">EAN: 7367164204099<\/p>\n<p class=\"x_MsoNormal\">Peppol ID: 0007:7164204096<\/p>\n<p>Faktureringsadress BRF Kullasund via f\u00f6reningens ekonomiska f\u00f6rvaltare Bredablick<\/p>\n<p>BRF Kullasund<\/p>\n<p>c\/o Bredablick F\u00f6rvaltning AB<\/p>\n<p>BOX 6083<\/p>\n<p>102 32 Stockholm<\/p>\n<h4><strong>Vill du kontakta f\u00f6rs\u00e4kringsbolaget Folksam:<\/strong><\/h4>\n<p>G\u00e5 till <a href=\"https:\/\/www.folksam.se\" target=\"_blank\" rel=\"noopener noreferrer\">Folksam F\u00f6rs\u00e4kring<\/a>.<\/p>\n","protected":false},"excerpt":{"rendered":"<p>Kontaktuppgifter till styrelsen: Epost: brfkullasund@outlook.com\u00a0 Brf Kullasund i Vaxholm Kullasundsv\u00e4gen 39 185 37\u00a0 \u00a0\u00a0Vaxholm Vill du g\u00f6ra en felanm\u00e4lan: Felanm\u00e4lan\u00a0kontakta SVEFAB: Tel: 020-544 022\u00a0 eller via mail info@svefab.com Felanm\u00e4lan kan \u00e4ven g\u00f6ras via webbformul\u00e4ret p\u00e5 f\u00f6ljande l\u00e4nk https:\/\/www.svefab.com\/kontakta-oss\/felanmalan\/ Vid fakturering<\/p>\n","protected":false},"author":2,"featured_media":0,"parent":0,"menu_order":5,"comment_status":"closed","ping_status":"open","template":"","meta":{"footnotes":""},"class_list":["post-27","page","type-page","status-publish","hentry"],"_links":{"self":[{"href":"https:\/\/www.kullasund.se\/index.php\/wp-json\/wp\/v2\/pages\/27","targetHints":{"allow":["GET"]}}],"collection":[{"href":"https:\/\/www.kullasund.se\/index.php\/wp-json\/wp\/v2\/pages"}],"about":[{"href":"https:\/\/www.kullasund.se\/index.php\/wp-json\/wp\/v2\/types\/page"}],"author":[{"embeddable":true,"href":"https:\/\/www.kullasund.se\/index.php\/wp-json\/wp\/v2\/users\/2"}],"replies":[{"embeddable":true,"href":"https:\/\/www.kullasund.se\/index.php\/wp-json\/wp\/v2\/comments?post=27"}],"version-history":[{"count":36,"href":"https:\/\/www.kullasund.se\/index.php\/wp-json\/wp\/v2\/pages\/27\/revisions"}],"predecessor-version":[{"id":1285,"href":"https:\/\/www.kullasund.se\/index.php\/wp-json\/wp\/v2\/pages\/27\/revisions\/1285"}],"wp:attachment":[{"href":"https:\/\/www.kullasund.se\/index.php\/wp-json\/wp\/v2\/media?parent=27"}],"curies":[{"name":"wp","href":"https:\/\/api.w.org\/{rel}","templated":true}]}}