{"id":25,"date":"2012-03-15T19:49:51","date_gmt":"2012-03-15T19:49:51","guid":{"rendered":"http:\/\/nyawebben.kullasund.se\/?page_id=25"},"modified":"2025-05-01T17:28:32","modified_gmt":"2025-05-01T17:28:32","slug":"ekonomi","status":"publish","type":"page","link":"https:\/\/www.kullasund.se\/index.php\/ekonomi\/","title":{"rendered":"\u00c5rsredovisningar"},"content":{"rendered":"\n<div class=\"wp-block-file\"><a href=\"https:\/\/www.kullasund.se\/wp-content\/uploads\/2025\/05\/Revisionsber\u00e4ttelse-Kullasund-slutlig.pdf\">Revisionsber\u00e4ttelse-Kullasund-slutlig<\/a><a href=\"https:\/\/www.kullasund.se\/wp-content\/uploads\/2025\/05\/Revisionsber\u00e4ttelse-Kullasund-slutlig.pdf\" class=\"wp-block-file__button\" download>Ladda ner<\/a><\/div>\n\n\n\n<div class=\"wp-block-file\"><a href=\"https:\/\/www.kullasund.se\/wp-content\/uploads\/2025\/04\/Brf-Kullasund-\u00c5R-2024.pdf\">Brf-Kullasund-\u00c5R-2024<\/a><a href=\"https:\/\/www.kullasund.se\/wp-content\/uploads\/2025\/04\/Brf-Kullasund-\u00c5R-2024.pdf\" class=\"wp-block-file__button\" download>Ladda ner<\/a><\/div>\n\n\n\n<div class=\"wp-block-file\"><a href=\"https:\/\/www.kullasund.se\/wp-content\/uploads\/2024\/10\/Protokoll-st\u00e4mma-2024.pdf\">Protokoll-st\u00e4mma-2024<\/a><a href=\"https:\/\/www.kullasund.se\/wp-content\/uploads\/2024\/10\/Protokoll-st\u00e4mma-2024.pdf\" class=\"wp-block-file__button\" download>Ladda ner<\/a><\/div>\n\n\n\n<div class=\"wp-block-file\"><a href=\"https:\/\/www.kullasund.se\/wp-content\/uploads\/2024\/08\/Signerad-\u00c5rsredovisning-2023-Brf-Kullasund-i-Vaxholm.pdf\">\u00c5rsredovisning 2023<\/a><a href=\"https:\/\/www.kullasund.se\/wp-content\/uploads\/2024\/08\/Signerad-\u00c5rsredovisning-2023-Brf-Kullasund-i-Vaxholm.pdf\" class=\"wp-block-file__button\" download>Ladda ner<\/a><\/div>\n\n\n\n<div class=\"wp-block-file\"><a href=\"https:\/\/www.kullasund.se\/wp-content\/uploads\/2023\/07\/\u00c5rsredovisning_2022_Brf_Kullasund_i_Vaxholm-signerad.pdf\">\u00c5rsredovisning 2022<\/a><a href=\"https:\/\/www.kullasund.se\/wp-content\/uploads\/2023\/07\/\u00c5rsredovisning_2022_Brf_Kullasund_i_Vaxholm-signerad.pdf\" class=\"wp-block-file__button\" download>Ladda ner<\/a><\/div>\n\n\n\n<div class=\"wp-block-file\"><a href=\"https:\/\/www.kullasund.se\/wp-content\/uploads\/2023\/09\/Protokoll-\u00c5rsst\u00e4mma-2022.pdf\">Protokoll-\u00c5rsst\u00e4mma-2022<\/a><a href=\"https:\/\/www.kullasund.se\/wp-content\/uploads\/2023\/09\/Protokoll-\u00c5rsst\u00e4mma-2022.pdf\" class=\"wp-block-file__button\" download>Ladda ner<\/a><\/div>\n\n\n<p><a href=\"https:\/\/www.kullasund.se\/wp-content\/uploads\/2022\/07\/Protokoll-\u00e5rsst\u00e4mma-Brf-Kullasund-2022.pdf\">Protokoll \u00e5rsst\u00e4mma 2022<\/a><\/p>\n<p><a href=\"https:\/\/www.kullasund.se\/wp-content\/uploads\/2022\/08\/\u00e5rsredovisning21_BrfKull.pdf\">\u00c5rsredovisning 2021<\/a><\/p>\n<p><a href=\"https:\/\/www.kullasund.se\/wp-content\/uploads\/2021\/09\/protokoll-a\u030arssta\u0308mma-2021.pdf\">Protokoll a\u030arssta\u0308mma 2021<\/a><\/p>\n<p><a href=\"https:\/\/www.kullasund.se\/wp-content\/uploads\/2021\/09\/A\u030arsredovisning_2020_Brf_Kullasund.pdf\">A\u030arsredovisning 2020<\/a><\/p>\n<p><a href=\"https:\/\/www.kullasund.se\/wp-content\/uploads\/2020\/11\/Protokoll-f\u00f6reningsst\u00e4mma.pdf\">Protokoll \u00e5rsst\u00e4mma 2020<\/a><\/p>\n<p><a href=\"https:\/\/www.kullasund.se\/wp-content\/uploads\/2020\/11\/\u00c5rsredovisning-Brf-Kullasund-i-Vaxholm-2019-signerad-compressed.pdf\">\u00c5rsredovisning 2019<\/a><\/p>\n<p><a href=\"https:\/\/www.kullasund.se\/wp-content\/uploads\/2020\/02\/\u00c5rsredovisning_Brf_Kullasund_2018_signerad-komprimerad.pdf\">\u00c5rsredovisning 2018<\/a><\/p>\n<p><a href=\"https:\/\/www.kullasund.se\/wp-content\/uploads\/2018\/04\/Arsredovisning-2017-.pdf\">\u00c5rsredovisning 2017<\/a><\/p>\n<p><a href=\"https:\/\/www.kullasund.se\/wp-content\/uploads\/2017\/05\/\u00c5rsredovisning-2016.pdf\">\u00c5rsredovisning 2016<\/a><\/p>\n<p><a href=\"https:\/\/www.kullasund.se\/wp-content\/uploads\/2016\/05\/Redovisning-2015.pdf\">\u00c5rsredovisning 2015<\/a><\/p>\n<p><a href=\"https:\/\/www.kullasund.se\/wp-content\/uploads\/2015\/06\/redovisning_2014.pdf\">\u00c5rsredovisning 2014<\/a><\/p>\n<p><a href=\"https:\/\/www.kullasund.se\/wp-content\/uploads\/2014\/09\/kullasund_arsredovisning_2013.pdf\">\u00c5rsredovisning 2013<\/a><\/p>\n<p><a href=\"https:\/\/www.kullasund.se\/wp-content\/uploads\/2014\/09\/kullasund_bokslut_2013.pdf\">Bokslut 2013<\/a><\/p>\n<p><a title=\"\u00c5rsredovisning 2012\" href=\"https:\/\/www.kullasund.se\/?attachment_id=201\">\u00c5rsredovisning 2012<\/a><\/p>\n<p><a href=\"https:\/\/www.kullasund.se\/wp-content\/uploads\/2013\/09\/Bokslut-2012.pdf\">Bokslut 2012<\/a><\/p>\n<p><a href=\"https:\/\/www.kullasund.se\/wp-content\/uploads\/2013\/09\/Bokslut-2012.pdf\">\u00c5rsredovisning 2011<\/a><\/p>\n<p><a href=\"https:\/\/www.kullasund.se\/wp-content\/uploads\/2012\/06\/Bokslut-2011.pdf\">Bokslut 2011<\/a><\/p>\n<p><a href=\"https:\/\/www.kullasund.se\/wp-content\/uploads\/2012\/03\/F\u00f6reningens-\u00e5rsredovisning-2010.pdf\" target=\"_blank\" rel=\"noopener noreferrer\">\u00c5rsredovisning 2010<\/a><\/p>\n<p><a href=\"https:\/\/www.kullasund.se\/wp-content\/uploads\/2012\/03\/Bokslut2010.pdf\" target=\"_blank\" rel=\"noopener noreferrer\">Bokslut 2010<\/a><\/p>","protected":false},"excerpt":{"rendered":"<p>Protokoll \u00e5rsst\u00e4mma 2022 \u00c5rsredovisning 2021 Protokoll a\u030arssta\u0308mma 2021 A\u030arsredovisning 2020 Protokoll \u00e5rsst\u00e4mma 2020 \u00c5rsredovisning 2019 \u00c5rsredovisning 2018 \u00c5rsredovisning 2017 \u00c5rsredovisning 2016 \u00c5rsredovisning 2015 \u00c5rsredovisning 2014 \u00c5rsredovisning 2013 Bokslut 2013 \u00c5rsredovisning 2012 Bokslut 2012 \u00c5rsredovisning 2011 Bokslut 2011 \u00c5rsredovisning 2010 Bokslut<\/p>\n","protected":false},"author":2,"featured_media":0,"parent":0,"menu_order":4,"comment_status":"closed","ping_status":"open","template":"","meta":{"footnotes":""},"class_list":["post-25","page","type-page","status-publish","hentry"],"_links":{"self":[{"href":"https:\/\/www.kullasund.se\/index.php\/wp-json\/wp\/v2\/pages\/25","targetHints":{"allow":["GET"]}}],"collection":[{"href":"https:\/\/www.kullasund.se\/index.php\/wp-json\/wp\/v2\/pages"}],"about":[{"href":"https:\/\/www.kullasund.se\/index.php\/wp-json\/wp\/v2\/types\/page"}],"author":[{"embeddable":true,"href":"https:\/\/www.kullasund.se\/index.php\/wp-json\/wp\/v2\/users\/2"}],"replies":[{"embeddable":true,"href":"https:\/\/www.kullasund.se\/index.php\/wp-json\/wp\/v2\/comments?post=25"}],"version-history":[{"count":39,"href":"https:\/\/www.kullasund.se\/index.php\/wp-json\/wp\/v2\/pages\/25\/revisions"}],"predecessor-version":[{"id":1247,"href":"https:\/\/www.kullasund.se\/index.php\/wp-json\/wp\/v2\/pages\/25\/revisions\/1247"}],"wp:attachment":[{"href":"https:\/\/www.kullasund.se\/index.php\/wp-json\/wp\/v2\/media?parent=25"}],"curies":[{"name":"wp","href":"https:\/\/api.w.org\/{rel}","templated":true}]}}